{"id":103,"date":"2020-06-02T15:32:31","date_gmt":"2020-06-02T13:32:31","guid":{"rendered":"http:\/\/testowa.basniowydom.pl\/?page_id=103"},"modified":"2020-06-02T15:32:31","modified_gmt":"2020-06-02T13:32:31","slug":"regulamin","status":"publish","type":"page","link":"https:\/\/basniowydom.pl\/sklep\/regulamin\/","title":{"rendered":"Regulamin"},"content":{"rendered":"\n<p>&nbsp;1. Postanowienia og\u00f3lne<br \/><br \/>a) Poni\u017cszy regulamin okre\u015bla warunki i zasady sprzeda\u017cy przez firm\u0119 F.H.P.U.MAXIM Katarzyna Ostafin Stronie 255,34-145 Stronie. Numer NIP: 551&nbsp;217 61 24 prowadz\u0105c\u0105 sprzeda\u017c za po\u015brednictwem Internetu \u2013 poprzez witryn\u0119 znajduj\u0105c\u0105 si\u0119 pod adresem www.basniowydom.pl.<br \/><br \/>b) Sprzeda\u017c odbywa si\u0119 za po\u015brednictwem Internetu w formie umowy ,kt\u00f3ra zawierana jest na odleg\u0142o\u015b\u0107 pomi\u0119dzy sk\u0142adaj\u0105cym zam\u00f3wienie, zwanym dalej Klientem, a Sprzedaj\u0105cym, zwanym dalej Ba\u015bniowy Dom.<br \/><br \/>c) Kupuj\u0105cym to ka\u017cda osoba fizyczna, prawna lub jednostka organizacyjna posiadaj\u0105ca konto poczty elektronicznej oraz posiadaj\u0105ca pe\u0142n\u0105 zdolno\u015b\u0107 do czynno\u015bci prawnych.<br \/><br \/>d) Ka\u017cda osoba kt\u00f3ra sk\u0142ada zam\u00f3wienie (zwana dalej Klientem) w sklepie internetowym www.basniowydom.pl zobowi\u0105zuje si\u0119 zapozna\u0107 si\u0119 z regulaminem. Nieznajomo\u015b\u0107 regulaminu nie zwalnia klienta z przestrzegania zawartych w nim zasad.<br \/><br \/>e) Dokonanie zakup\u00f3w w sklepie internetowym r\u00f3wnoznaczne jest z faktem, i\u017c Klient zapozna\u0142 si\u0119 z niniejszym regulaminem i potwierdza, \u017ce akceptuje go w obowi\u0105zuj\u0105cej formie.<br \/><br \/><br \/>2. Dane klienta<\/p>\n\n\n<p>a) Formularz rejestracyjny wymaga podania danych osobowych Klienta .Jest to niezb\u0119dna czynno\u015b\u0107 do przeprowadzenia transakcji. Jednocze\u015bnie w interesie Klienta le\u017cy przekazanie prawid\u0142owych informacji umo\u017cliwiaj\u0105cych kontakt i dostarczenie zam\u00f3wionego towaru \u2013Ba\u015bniowy Dom nie ponosi odpowiedzialno\u015bci za konsekwencje wynikaj\u0105ce z b\u0142\u0119dnego podania danych.<\/p>\n\n\n<p>b) Ba\u015bniowy Dom zastrzega sobie prawo odst\u0105pienia od realizacji zam\u00f3wienia je\u015bli informacje podane przez klienta s\u0105 niepe\u0142ne .Uniemo\u017cliwia to doko\u0144czenie transakcji np.(brak imienia, nazwiska, adresu, nr telefonu lub adresu mailowego).<\/p>\n\n\n<p>3. Polityka ochrony prywatno\u015bci<\/p>\n\n\n<p>Sk\u0142adaj\u0105c zam\u00f3wienie Klient wyra\u017ca zgod\u0119 na wykorzystanie danych osobowych w celu i w zakresie potrzebnym do realizacji zam\u00f3wienia.<\/p>\n\n\n<p>Ba\u015bniowy Dom zobowi\u0105zuje si\u0119 do ochrony danych osobowych zgodnie z ustaw\u0105 &#8222;O ochronie danych osobowych&#8221; . Klienci sklepu maj\u0105 prawo do wgl\u0105du w swoje dane, do ich poprawiania oraz do wniesienia \u017c\u0105dania o zaprzestaniu ich wykorzystywania.<\/p>\n\n\n<p>4. Przedmiot dzia\u0142alno\u015bci<\/p>\n\n\n<p>a) Przedmiotem dzia\u0142alno\u015bci sklepu internetowego www.basniowydom.pl jest sprzeda\u017c za po\u015brednictwem internetu.<\/p>\n\n\n<p>b) Ba\u015bniowy Dom poprzez zdj\u0119cia w\u0142asnego autorstwa umo\u017cliwia w spos\u00f3b jak najbardziej dok\u0142adny prezentacj\u0119 oferowanych wyrob\u00f3w. Fotografie maj\u0105 wysok\u0105 jako\u015b\u0107 i odzwierciedlaj\u0105 rzeczywisty stan i kolorystyk\u0119. Mog\u0105 wyst\u0105pi\u0107 nieznaczne r\u00f3\u017cnice kolorystyczne mi\u0119dzy prezentacj\u0105 internetow\u0105, a rzeczywistym wygl\u0105dem przedmiotu- mo\u017ce tak si\u0119 sta\u0107 ze wzgl\u0119du na zr\u00f3\u017cnicowane ustawienia graficzne monitor\u00f3w i Ba\u015bniowy Dom nie ponosi za to odpowiedzialno\u015bci.<\/p>\n\n\n<p>5. Zakupy<\/p>\n\n\n<p>a) Zam\u00f3wienie w sklepie internetowym sk\u0142ada si\u0119 za pomoc\u0105 formularza dost\u0119pnego na witrynie www.basniowydom.pl<\/p>\n\n\n<p>b) Poprzez dodanie produktu do \u201ekoszyka\u201di naci\u015bni\u0119cie przycisku potwierdzam sk\u0142adamy zam\u00f3wienia (oferty kupna).<\/p>\n\n\n<p>c) Umow\u0119 uwa\u017ca si\u0119 za zawart\u0105, je\u015bli w ci\u0105gu 48 godzin roboczych od z\u0142o\u017cenia zam\u00f3wienia pracownik sklepu internetowego potwierdzi dost\u0119pno\u015b\u0107 produktu, a tym samym poinformuje o przyj\u0119ciu zam\u00f3wienia do realizacji. Nieprawid\u0142owo wype\u0142nione formularze zam\u00f3wienia nie b\u0119d\u0105 rozpatrywane, zam\u00f3wienia potwierdzonego nie mo\u017cna anulowa\u0107.<\/p>\n\n\n<p>d) Zap\u0142at\u0119 za zam\u00f3wienie nale\u017cy ui\u015bci\u0107:<\/p>\n\n\n<p>&#8211; przelewem na wskazany w zam\u00f3wieniu rachunek bankowy Ba\u015bniowy Dom.<\/p>\n\n\n<p>&#8211; Ba\u015bniowy Dom nie wysy\u0142a zam\u00f3wie\u0144 Poczt\u0105 Polsk\u0105 za pobraniem<\/p>\n\n\n<p>e) Na poleceniu przelewu (lub blankiecie pocztowym) nale\u017cy poda\u0107 wy\u0142\u0105cznie numer zam\u00f3wienia .<\/p>\n\n\n<p>f) Wp\u0142aty nale\u017cy dokona\u0107 w ci\u0105gu 3 dni roboczych od dnia potwierdzenia przyj\u0119cia zam\u00f3wienia do realizacji. W przypadku gdy po 6 dniach roboczych nie zostanie odnotowana wp\u0142ata na koncie, zam\u00f3wienie uznaje si\u0119 za anulowane.<\/p>\n\n\n<p>g) Sprzedawca informuje o zmianach w zam\u00f3wieniu. Informacje te wysy\u0142ane s\u0105 na podany przez klienta adres e-mail.<\/p>\n\n\n<p>h) Faktura b\u0119dzie wystawiana tylko na wyra\u017ane \u017cyczenie kupuj\u0105cego, \u017cyczenie otrzymania faktury prosz\u0119 zg\u0142osi\u0107 podczas sk\u0142adania zam\u00f3wienia<\/p>\n\n\n<p>j) Z\u0142o\u017cenie zam\u00f3wienia jest r\u00f3wnoznaczne ze zgod\u0105 na przechowywanie i przetwarzanie przez www.basniowydom.pl danych osobowych zawartych w zam\u00f3wieniu zgodnie z obowi\u0105zuj\u0105cymi przepisami ustawy o ochronie danych osobowych Dz.U.Nr 133 poz.883.<\/p>\n\n\n<p>6. Ceny<\/p>\n\n\n<p>a) Wszystkie ceny na stronach sklepu internetowego Ba\u015bniowy Dom s\u0105 podawane w polskich z\u0142otych (PLN) i stanowi\u0105 ceny brutto.<\/p>\n\n\n<p>b) Ceny wyrob\u00f3w nie zawieraj\u0105 kosztu dostawy.<\/p>\n\n\n<p>c) Cena dostawy jest umieszczona przy towarze w chwili sk\u0142adania zam\u00f3wienia.<\/p>\n\n\n<p>7. Dostawa<\/p>\n\n\n<p>a) Dostawa realizowana jest za pomoc\u0105 Poczty Polskiej , jej koszt jest doliczany do warto\u015bci zam\u00f3wienia zgodnie z podanym na stronie cennikiem.<\/p>\n\n\n<p>b) Ba\u015bniowy Dom nie ponosi odpowiedzialno\u015bci za skutki zdarze\u0144 losowych, kt\u00f3re uniemo\u017cliwi\u0142y lub utrudni\u0142y wykonanie umowy (po\u017car, pow\u00f3d\u017a itd.).<\/p>\n\n\n<p>d) Na termin realizacji z\u0142o\u017conych zam\u00f3wie\u0144 sk\u0142ada si\u0119 czas do potwierdzenia zam\u00f3wienia przez Klienta , oczekiwania na wp\u0142at\u0119 przy przedp\u0142acie, maksymalnie 10 dni roboczych przygotowania do wysy\u0142ki oraz czas dostawy.<\/p>\n\n\n<p>e) Zam\u00f3wienia o warto\u015bci przekraczaj\u0105cej 300 z\u0142 koszt przesy\u0142ki za po\u015brednictwem Poczty Polskiej pokrywa firma Ba\u015bniowy Dom .<\/p>\n\n\n<p>f) Ba\u015bniowy Dom nie ponosi odpowiedzialno\u015bci za przesy\u0142ki, kt\u00f3re zagin\u0105 z winy poczty polskiej. Na \u017cyczenie kupuj\u0105cego istnieje mo\u017cliwo\u015b\u0107 nadania towaru przesy\u0142k\u0105 ubezpieczon\u0105 . W tym przypadku podczas zamawiania w sklepie basniowydom.pl poprzez dokonanie wyboru przesy\u0142ki ubezpieczonej cena wzrasta proporcjonalnie od warto\u015bci przedmiotu, ustalana jest indywidualnie .<\/p>\n\n\n<p>8. Wady, reklamacje, zwroty<\/p>\n\n\n<p>a) Kupuj\u0105cy ma mo\u017cliwo\u015b\u0107 zwrotu zakupionych produkt\u00f3w bez podania przyczyny w terminie do 10 dni liczonych od dnia otrzymania przesy\u0142ki. Towar zwracany nie mo\u017ce nosi\u0107 \u017cadnych oznak u\u017cytkowania , musi by\u0107 odes\u0142any w oryginalnym opakowaniu I posiada\u0107 przyczepion\u0105 metk\u0119 ,oraz nale\u017cy do\u0142\u0105czy\u0107 do niego dow\u00f3d zakupu. Koszty wysy\u0142ki ponosi zwracaj\u0105cy. Zgodnie z regulaminem i obowi\u0105zuj\u0105cym prawem, Ba\u015bniowy Dom zwraca kwot\u0119 ,kt\u00f3ra r\u00f3wna jest warto\u015bci odsy\u0142anego towaru (bez koszt\u00f3w wysy\u0142ki) w ci\u0105gu 14 dni roboczych (liczonych od dnia otrzymania przesy\u0142ki od kupuj\u0105cego) na wskazane przez klienta konto bankowe. W celu dokonania zwrotu niezb\u0119dne jest wype\u0142nienie&nbsp;<a href=\"http:\/\/www.basniowydom.pl\/files\/formularz_zwrotu_wymiany1.doc\">formularza zwrotu\/wymiany.<\/a><\/p>\n\n\n<p>Po wype\u0142nieniu&nbsp;<a href=\"http:\/\/www.basniowydom.pl\/files\/formularz_zwrotu_wymiany1.doc\">formularza zwrotu\/wymiany<\/a>, musi to nast\u0105pi\u0107 w ci\u0105gu 10 dni kalendarzowych liczonych od otrzymania przesy\u0142ki nale\u017cy wys\u0142a\u0107 zwracany b\u0105d\u017a wymieniany towar. Za dat\u0119 zwrotu towaru przyjmujemy dat\u0119 jego wys\u0142ania (a wi\u0119c liczy si\u0119 data stempla pocztowego).<\/p>\n\n\n<p>Firma Ba\u015bniowy Dom nie przyjmuje \u017cadnych przesy\u0142ek za pobraniem ani za potwierdzeniem odbioru bez wcze\u015bniejszego telefonicznego lub e-mailowego ustalenia. Zwrot towaru odbywa si\u0119 na koszt klienta.<br \/><br \/>b) Klient zobowi\u0105zany jest sprawdzi\u0107 towar w chwili odbioru . W przypadku jakichkolwiek w\u0105tpliwo\u015bci czy uszkodzenia towaru powinien niezw\u0142ocznie skontaktowa\u0107 si\u0119 ze Sprzedawc\u0105 . Wszelkie reklamacje z tego tytu\u0142u b\u0119d\u0105 uwzgl\u0119dniane jedynie w przypadku spisania protoko\u0142u reklamacyjnego w obecno\u015bci spedytora.<br \/><br \/>c) Wady fizyczne (uszkodzenia) powinny by\u0107 zg\u0142aszane bezzw\u0142ocznie, najp\u00f3\u017aniej w terminie 7 dni od daty otrzymania przesy\u0142ki. Informujemy i\u017c nieznaczne r\u00f3\u017cnice kolorystyczne mi\u0119dzy prezentacj\u0105 internetow\u0105, a rzeczywistym wygl\u0105dem przedmiotu, mog\u0105 wynika\u0107 z r\u00f3\u017cnic w ustawie\u0144 monitor\u00f3w i nie stanowi\u0105 przedmiotu reklamacji.<br \/>Do wad obj\u0119tych gwarancj\u0105 nale\u017c\u0105 uszkodzone zatrzaski, wady fabryczne materia\u0142u oraz ewentualne b\u0142\u0119dy powsta\u0142e w procesie wytw\u00f3rczym produktu .<br \/>Przedmiotu reklamacji nie stanowi te\u017c towar zakupiony z wyprzeda\u017cy .<\/p>\n\n\n<p>d) Produkt ,kt\u00f3ry chcemy zareklamowa\u0107 nale\u017cy przes\u0142a\u0107 na sw\u00f3j koszt wraz z dowodem zakupu do siedziby Ba\u015bniowy Dom &#8211; towar musi by\u0107 suchy i czysty.<br \/><br \/>e) Sprzedawca ma prawo nie uzna\u0107 reklamacji je\u015bli klient nie posiada dowodu zakupu lub produkt by\u0142 u\u017cywany.<br \/><br \/>f) Sklep Internetowy&nbsp;<a href=\"http:\/\/www.basniowydom.pl\/\">www.basniowydom.pl<\/a>&nbsp;zastrzega sobie prawo do zmiany cen towar\u00f3w znajduj\u0105cych si\u0119 w ofercie bez uprzedzenia. Nie dotyczy to jednak zam\u00f3wie\u0144 przyj\u0119tych do realizacji.<br \/><br \/>g) Sprzedawca zastrzega sobie prawo do zmian w tre\u015bci niniejszego regulaminu bez uprzedzenia.<br \/><br \/>h) W przypadku ewentualnych reklamacji nale\u017cy wype\u0142ni\u0107 formularz zwrotu\/wymiany i wraz z reklamowanym towarem wys\u0142a\u0107 go na adres siedziby Ba\u015bniowy Dom .<\/p>\n\n\n<p>9. Prawa autorskie<\/p>\n\n\n<p>Firma Ba\u015bniowy Dom jest w\u0142a\u015bcicielem prezentowanych na stronie zdj\u0119\u0107 . Wszystkie zamieszczone na stronie&nbsp;<a href=\"http:\/\/www.basniowydom.pl\/\">www.basniowydom.pl<\/a>&nbsp;produkty oraz zdj\u0119cia podlegaj\u0105 ustawie o ochronie praw autorskich dnia 4 lutego 1994r.<\/p>\n\n\n<p>10 Postanowienia ko\u0144cowe<\/p>\n\n\n<p>W sprawach nieuregulowanych niniejszym Regulaminem stosuje si\u0119 przepisy kodeksu cywilnego.<\/p>\n\n\n<p>Umowa sprzeda\u017cy towar\u00f3w zawierana jest zgodnie z prawem polskim i w j\u0119zyku polskim.<\/p>\n\n\n<p>S\u0105dem w\u0142a\u015bciwym dla rozpatrywania spor\u00f3w wynikaj\u0105cych z umowy sprzeda\u017cy jest s\u0105d w\u0142a\u015bciwy dla siedziby pozwanego lub s\u0105d w\u0142a\u015bciwy dla miejsca wykonania umowy.<\/p>\n\n\n<p><em>W razie jakichkolwiek w\u0105tpliwo\u015bci prosimy o kontakt pod adresem e-mail:&nbsp;<a href=\"mailto:info@basniowydom.pl\">info@basniowydom.pl<\/a><\/em><\/p>\n","protected":false},"excerpt":{"rendered":"<p>&nbsp;1. Postanowienia og\u00f3lne a) Poni\u017cszy regulamin okre\u015bla warunki i zasady sprzeda\u017cy przez firm\u0119 F.H.P.U.MAXIM Katarzyna Ostafin Stronie 255,34-145 Stronie. Numer NIP: 551&nbsp;217 61 24 prowadz\u0105c\u0105 sprzeda\u017c za po\u015brednictwem Internetu \u2013 poprzez witryn\u0119 znajduj\u0105c\u0105 si\u0119 pod adresem www.basniowydom.pl. b) Sprzeda\u017c odbywa si\u0119 za po\u015brednictwem Internetu w formie umowy ,kt\u00f3ra zawierana jest na odleg\u0142o\u015b\u0107 pomi\u0119dzy sk\u0142adaj\u0105cym zam\u00f3wienie, [&hellip;]<\/p>\n","protected":false},"author":1,"featured_media":0,"parent":0,"menu_order":0,"comment_status":"closed","ping_status":"closed","template":"","meta":{"footnotes":""},"jetpack_sharing_enabled":true,"_links":{"self":[{"href":"https:\/\/basniowydom.pl\/sklep\/wp-json\/wp\/v2\/pages\/103"}],"collection":[{"href":"https:\/\/basniowydom.pl\/sklep\/wp-json\/wp\/v2\/pages"}],"about":[{"href":"https:\/\/basniowydom.pl\/sklep\/wp-json\/wp\/v2\/types\/page"}],"author":[{"embeddable":true,"href":"https:\/\/basniowydom.pl\/sklep\/wp-json\/wp\/v2\/users\/1"}],"replies":[{"embeddable":true,"href":"https:\/\/basniowydom.pl\/sklep\/wp-json\/wp\/v2\/comments?post=103"}],"version-history":[{"count":0,"href":"https:\/\/basniowydom.pl\/sklep\/wp-json\/wp\/v2\/pages\/103\/revisions"}],"wp:attachment":[{"href":"https:\/\/basniowydom.pl\/sklep\/wp-json\/wp\/v2\/media?parent=103"}],"curies":[{"name":"wp","href":"https:\/\/api.w.org\/{rel}","templated":true}]}}